{"id":90,"date":"2019-05-09T15:06:47","date_gmt":"2019-05-09T15:06:47","guid":{"rendered":"https:\/\/www.eole07.fr\/?page_id=90"},"modified":"2025-09-02T10:29:27","modified_gmt":"2025-09-02T10:29:27","slug":"eole07","status":"publish","type":"page","link":"https:\/\/www.eole07.fr\/","title":{"rendered":""},"content":{"rendered":"\n<figure class=\"wp-block-image size-full is-resized\"><img loading=\"lazy\" decoding=\"async\" width=\"311\" height=\"77\" src=\"https:\/\/www.eole07.fr\/wp-content\/uploads\/2025\/06\/image.png\" alt=\"\" class=\"wp-image-188\" style=\"width:630px;height:auto\" srcset=\"https:\/\/www.eole07.fr\/wp-content\/uploads\/2025\/06\/image.png 311w, https:\/\/www.eole07.fr\/wp-content\/uploads\/2025\/06\/image-300x74.png 300w\" sizes=\"auto, (max-width: 311px) 85vw, 311px\" \/><\/figure>\n\n\n\n\n\n<p class=\"has-text-align-center\"><strong>EOLE 07 contre la PPE \u2013 Programmation Pluriannuelle de l\u2019Energie<\/strong><\/p>\n\n\n\n<p class=\"has-text-align-center\"><strong><a href=\"http:\/\/www.perspectivesecologiques.com\/telechargements\/La%20PPE%20C'est%20Quoi.pdf\">La PPE c&rsquo;est quoi?<\/a><\/strong><\/p>\n<p>Contre la PPE, la p\u00e9tition nationale h\u00e9berg\u00e9e sur le site des #Gueux d\u2019Alexandre Jardin:<br><a href=\"https:\/\/lesgueux.fr\/petition-stop-ppe\/\">https:\/\/lesgueux.fr\/petition-stop-ppe\/<\/a><\/p>\n\n\n\n<p><strong>Mise \u00e0 jour 2 septembre 2025:<\/strong><\/p>\n\n\n\n<p><a href=\"https:\/\/www.perspectivesecologiques.com\/telechargements\/EOLE07%20Communique%20ORocher%2002Sep25.pdf\">\u00c9nergie-climat: les objectifs inscrits dans le code de l&rsquo;\u00e9nergie<\/a><\/p>\n\n\n\n<p>Odile Rocher, commissaire d\u2019enqu\u00eates publiques sp\u00e9cialis\u00e9e dans l\u2019\u00e9valuation des projets d\u2019installations class\u00e9es pour la protection de l\u2019environnement (ICPE), livre ici son analyse du processus l\u00e9gislatif en cours sur la programmation \u00e9nerg\u00e9tique.<\/p>\n\n\n\n<p><strong>Mise \u00e0 jour 10 juillet 2025:<\/strong><\/p>\n\n\n\n<p><strong>Loi sur l&rsquo;\u00e9nergie:<\/strong><\/p>\n\n\n\n<p>La <a href=\"http:\/\/www.perspectivesecologiques.com\/telechargements\/STOP-PPE%20Loi%20Energie%20Perspectives%20Apres%20Examen%20Senat%209%20Juillet%202025.pdf\">position sur le texte de loi<\/a> \u00e0 l&rsquo;issue de son examen cette semaine par le S\u00e9nat, et les perspectives concernant la suite du processus parlementaire.<\/p>\n\n\n\n<p>Un <a href=\"http:\/\/www.perspectivesecologiques.com\/telechargements\/STOP-PPE%20Communique%20CEREME%208%20Juillet%202025.pdf\">communiqu\u00e9<\/a>, publi\u00e9 dans la presse nationale cette semaine au nom d\u2019une myriade d&rsquo;organisations du mouvement STOP-PPE, r\u00e9affirme la n\u00e9cessit\u00e9 d\u2019une r\u00e9orientation de la loi et d\u2019une \u00e9tude d\u2019impact sur les \u00e9nergies intermittentes<\/p>\n\n\n\n<p><strong>La \u00ab\u00a0chronique du moratoire\u00a0\u00bb d&rsquo;ADTC:<\/strong><\/p>\n\n\n\n<p>En deux pages, un <a href=\"http:\/\/www.perspectivesecologiques.com\/telechargements\/ADTC%20Chronique%20Moratoire%20Index.pdf\">r\u00e9sum\u00e9 de l&rsquo;ensemble de la chronique<\/a> <\/p>\n\n\n\n<p>Les deux derniers \u00e9pisodes:<\/p>\n\n\n\n<p><a href=\"http:\/\/www.perspectivesecologiques.com\/telechargements\/ADTC%20Chronique%20Moratoire%20J+19%208%20Juillet%202025.pdf\">8 Juillet 2025 (J+19): Des \u00abclimato-rationnels\u00bb aux \u00abclimato-optimistes\u00bb<\/a><\/p>\n\n\n\n<p><a href=\"http:\/\/www.perspectivesecologiques.com\/telechargements\/ADTC%20Chronique%20Moratoire%20J+20%209%20Juillet%202025.pdf\">9 Juillet 2025 (J+20): Pulsion de soumission, pulsion de pers\u00e9cution<\/a><\/p>\n\n\n\n<p><strong>Mise \u00e0 jour 6 juillet 2025:<\/strong><\/p>\n\n\n\n<p>ADTC &#8211; Avis De Temp\u00eate C\u00e9venole propose sa <a href=\"http:\/\/www.perspectivesecologiques.com\/telechargements\/ADTC%20Revue%20de%20Presse%20Energie-Climat%205%20Juillet%202025.pdf\">revue de presse exceptionnelle <\/a>consacr\u00e9e \u00e0 l&rsquo;actualit\u00e9 tr\u00e8s riche de la semaine \u00e9coul\u00e9e concernant la loi sur l&rsquo;\u00e9nergie et la PPE.<\/p>\n\n\n\n<p><strong>Mise \u00e0 jour 30 juin 2025:<\/strong><\/p>\n\n\n\n<p>Acceptabilit\u00e9 sociale de la PPE?<\/p>\n\n\n\n<p><a href=\"http:\/\/www.perspectivesecologiques.com\/telechargements\/PPE%20Acceptabilite%20Sociale%20Erdeven%2028%20Juin%202025.pdf\">Les images d&rsquo;Erdeven (Morbihan), ce samedi 28 juin<\/a><\/p>\n<p><a href=\"http:\/\/www.perspectivesecologiques.com\/telechargements\/EOLE07%20Erdeven%2028%20Juin%202025%20Temoignage.pdf\">Le r\u00e9cit-t\u00e9moignage de notre d\u00e9l\u00e9gu\u00e9<\/a><\/p>\n\n\n\n<p>La \u00ab\u00a0chronique du moratoire\u00a0\u00bb d\u2019ADTC:<\/p>\n\n\n\n<p><a href=\"http:\/\/www.perspectivesecologiques.com\/telechargements\/ADTC%20Chronique%20Moratoire%20J+8%2027%20Juin%202025.pdf\">27 Juin 2025: \u00abPrimum non nocere\u00bb<\/a><\/p>\n\n\n\n<p><a href=\"http:\/\/www.perspectivesecologiques.com\/telechargements\/ADTC%20Chronique%20Moratoire%20J+7%2026%20Juin%202025.pdf\">26 Juin 2025: La maison br\u00fble, qui a les extincteurs?<\/a><\/p>\n\n\n\n<p><strong>Mise \u00e0 jour 25 juin 2025&nbsp;:<\/strong><\/p>\n\n\n\n<p>Cinq de moins: le promoteur du projet \u00e9olien de Vanosc (nord-Ard\u00e8che) apparemment jette l&rsquo;\u00e9ponge.<br>Le <a href=\"http:\/\/www.perspectivesecologiques.com\/telechargements\/EOLIEN%2007%20Vanosc%20Communique%2022%20juin%202025.pdf\">communiqu\u00e9 de l&rsquo;association Pr\u00e9servons Vanosc<\/a>, membre d&rsquo;EOLE 07<\/p>\n\n\n\n<p>La \u00ab\u00a0chronique du moratoire\u00a0\u00bb d\u2019ADTC:<\/p>\n\n\n\n<p><a href=\"http:\/\/www.perspectivesecologiques.com\/telechargements\/ADTC%20Chronique%20Moratoire%20J+6%2025%20Juin%202025.pdf\">25 Juin 2025: La coalition anti-blabla<\/a><\/p>\n\n\n\n<p><a href=\"http:\/\/www.perspectivesecologiques.com\/telechargements\/ADTC%20Chronique%20Moratoire%20J+5%2024%20Juin%202025.pdf\">24 Juin 2025: ZFE, un parcours sem\u00e9 d\u2019obstacles<\/a><\/p>\n\n\n\n<p><strong>Mise \u00e0 jour 24 juin 2025:<\/strong><\/p>\n\n\n\n<p>La \u00ab\u00a0chronique du moratoire\u00a0\u00bb d&rsquo;ADTC &#8211; Avis De Temp\u00eate C\u00e9venole, quatri\u00e8me \u00e9pisode:<br>23 juin 2025 &#8211; <a href=\"http:\/\/www.perspectivesecologiques.com\/telechargements\/ADTC%20Chronique%20Moratoire%20J+4%2023%20Juin%202025.pdf\">Moratoire sur les \u00e9nergies renouvelables intermittentes: vaste programme !<\/a><\/p>\n\n\n\n<p><strong>Mise \u00e0 jour 23 juin 2025:<\/strong><\/p>\n\n\n\n<p>Comme une multitude d\u2019acteurs de la soci\u00e9t\u00e9 civile, EOLE 07 se joint au mouvement national STOP-PPE qui r\u00e9clame une r\u00e9vision drastique de la Programmation Pluriannuelle de l\u2019Energie et notamment un moratoire sur les EnRi \u2013 \u00e9nergies renouvelables intermittentes. Le mouvement annonce une <a href=\"http:\/\/www.perspectivesecologiques.com\/telechargements\/PPE%20Appel%20Mobilisation%20Nationale%2028%20Juin.pdf\">grande journ\u00e9e de mobilisation ce samedi 28 juin<\/a><\/p>\n\n\n\n\n\n<p><strong>Mise \u00e0 jour 22 juin 2025:<\/strong><\/p>\n\n\n\n<p>L\u2019association ADTC \u2013 Avis De Temp\u00eate C\u00e9venole, membre d\u2019EOLE 07 depuis notre cr\u00e9ation, suit de pr\u00e8s le d\u00e9roulement du d\u00e9bat parlementaire sur la loi sur l\u2019\u00e9nergie depuis l\u2019adoption par les d\u00e9put\u00e9s, jeudi 19 juin, d\u2019un moratoire sur les EnRi &#8211; \u00e9nergies renouvelables intermittentes (\u00e9olien solaire).<br>Nous relayons ici leur analyse des \u00e9v\u00e8nements, chronique disponible par ailleurs sur le site www.perspectivesecologiques.com<\/p>\n\n\n\n<p><a href=\"http:\/\/www.perspectivesecologiques.com\/telechargements\/ADTC%20Chronique%20Moratoire%20J+3%2022%20Juin%202025.pdf\">22 juin 2025 &#8211; Energies renouvelables intermittentes: entre rationalit\u00e9 et pol\u00e9mique<\/a><\/p>\n\n\n\n<p><a href=\"http:\/\/www.perspectivesecologiques.com\/telechargements\/ADTC%20Chronique%20Moratoire%20J+2%2021%20Juin%202025.pdf\">21 Juin 2025 &#8211; \u00abLe mensonge, \u00e7a commence \u00e0 bien faire!\u00bb<\/a><\/p>\n\n\n\n<p><a href=\"http:\/\/www.perspectivesecologiques.com\/telechargements\/ADTC%20Chronique%20Moratoire%20J+1%2020%20Juin%202025.pdf\">20 juin 2025 &#8211; Loi sur l\u2019\u00e9nergie, \u00ab\u00a0PPE des Gueux\u00a0\u00bb\u2026 l\u2019\u00e9t\u00e9 sera chaud!<\/a><\/p>\n\n\n\n\n\n<p><strong>Mise \u00e0 jour 16 juin 2025:<\/strong><\/p>\n\n\n\n<p>Les d\u00e9put\u00e9s commencent aujourd\u2019hui l\u2019examen d\u2019un texte de loi concernant la PPE (Programmation Pluriannuelle de l\u2019Energie). Des amendements ont \u00e9t\u00e9 d\u00e9pos\u00e9s demandant un moratoire sur les fili\u00e8res d\u2019\u00e9nergie renouvelables intermittentes (EnRi), \u00e9olien et solaire photovolta\u00efque, pour permettre une \u00e9valuation de la pertinence et des impacts de celles-ci.<\/p>\n\n\n\n<p>EOLE 07 participe au mouvement national qui a contest\u00e9 la version initiale du projet de PPE, et \u00e9crit aujourd\u2019hui aux d\u00e9put\u00e9s d\u2019Ard\u00e8che et de la r\u00e9gion pour argumenter en faveur de ces amendements:<\/p>\n\n\n\n<p><a href=\"http:\/\/www.perspectivesecologiques.com\/telechargements\/EOLE07%20PPE3%20Lettre%20Aux%20Deputes%2016%20Juin%202025.pdf\">PPE3 &#8211; Lettre Aux D\u00e9put\u00e9s, 16 Juin 2025<\/a><\/p>\n\n\n\n<p>L\u2019association ADTC \u2013 Avis De Temp\u00eate C\u00e9venole vient de lancer un appel similaire \u00e0 tous les d\u00e9put\u00e9s&nbsp;:<\/p>\n\n\n\n<p><a href=\"http:\/\/www.perspectivesecologiques.com\/telechargements\/ADTC%20PPE3%20Amendements%20Moratoire%20EnRi%20Adresse%20Aux%20Deputes%20v15jun25.pdf\">ADTC: Amendements l\u00e9gislatifs pour un moratoire sur les EnRi, 15 juin 2025<\/a><\/p>\n\n\n\n<p><strong>Mise \u00e0 jour 15 juin 2025:<\/strong><\/p>\n\n\n\n<p>Le mouvement pour une r\u00e9vision drastique de la PPE (Programmation Pluriannuelle de l\u2019Energie) s\u2019\u00e9tend et se raidit, avec notamment l\u2019entr\u00e9e en sc\u00e8ne d\u2019Alexandre Jardin, qui vient de lancer cette semaine le mouvement \u00abla PPE des gueux\u00bb:<\/p>\n\n\n\n<p><a href=\"http:\/\/www.perspectivesecologiques.com\/telechargements\/EOLE07%20Lettre%20d'info%2015%20juin%202025.pdf\">Lettre d\u2019info &#8211; Le mouvement pour une r\u00e9vision drastique de la PPE<\/a><\/p>\n\n\n\n<p><strong>Mise \u00e0 jour 12 juin 2025:<\/strong><\/p>\n\n\n\n<p>Il y a actuellement 2650 parcs \u00e9oliens en France. Nous avons pu obtenir les donn\u00e9es compil\u00e9es par la LPO concernant la mortalit\u00e9 constat\u00e9e d\u2019oiseaux et de chauves-souris, pour un parc \u00e9olien dans l\u2019H\u00e9rault, sur la p\u00e9riode 2010-2020.<br>Attention&nbsp;: la lecture de ce document peut \u00eatre particuli\u00e8rement consternante.<\/p>\n\n\n\n<p><a href=\"http:\/\/www.perspectivesecologiques.com\/telechargements\/EOLE07%20Mortalite%20Avifaune%20Parc%20Eolien%20Herault%202010-2020.pdf\">Mortalit\u00e9 avifaune sur un parc \u00e9olien (H\u00e9rault), p\u00e9riode 2010-2020<\/a><\/p>\n\n\n\n<p><strong>Mise \u00e0 jour 11 juin 2025:<\/strong><\/p>\n\n\n\n<p>Il y a une vingtaine d&rsquo;ann\u00e9es, les enthousiastes de l&rsquo;\u00e9olien se \u00ab\u00a0voulaient rassurants\u00a0\u00bb:<br>\u00ab&nbsp;On ne fera pas n&rsquo;importe quoi n&rsquo;importe o\u00f9&nbsp;\u00bb\u2026<br>Au fil des ans, sur le terrain, on a d\u2019abord constat\u00e9 un mitage.<br>Aujourd\u2019hui, dans bon nombre de territoires, on parle d\u00e9sormais de \u00ab\u00a0saturation \u00e9olienne\u00a0\u00bb\u2026<\/p>\n\n\n\n<p><a href=\"http:\/\/www.perspectivesecologiques.com\/telechargements\/EOLE07%20Eolien%20Indutriel%20Mitage%20&amp;%20Saturation%20v06Jun25.pdf\">Eolien industriel, mitage &amp; saturation<\/a><\/p>\n\n\n\n<p><\/p>\n\n\n\n<p><strong>Mise \u00e0 jour 10 juin 2025:<\/strong><\/p>\n\n\n\n<p>Notre lettre ouverte aux autorit\u00e9s d\u00e9partementales de l&rsquo;Ard\u00e8che &#8211; pr\u00e9f\u00e8te &amp; pr\u00e9sident du Conseil D\u00e9partemental.<\/p>\n\n\n\n<p><a href=\"http:\/\/www.perspectivesecologiques.com\/telechargements\/EOLE07%20Lettre%20Ouverte%20Prefecture%20&amp;%20Conseil%20De%CC%81partemental%20v9Juin2025.pdf\">Lettre ouverte aux autorit\u00e9s ard\u00e9choises<\/a><\/p>\n\n\n\n<p>Au moment o\u00f9 le travail parlementaire bat son plein concernant la Programmation Pluriannuelle de l&rsquo;Energie (PPE), EOLE 07 rappelle l&rsquo;importance des enjeux correspondants pour notre d\u00e9partement, et appelle \u00e0 une mobilisation des repr\u00e9sentants politiques du territoire et des pouvoirs publics.<\/p>\n\n\n\n<p>La prolif\u00e9ration d&rsquo;\u00e9nergies renouvelables intermittentes (\u00e9olien + centrales photovolta\u00efques en zone naturelle) implique un combat territorial; tant que nous ne menons pas, collectivement, ce combat, nous le perdons.<\/p>\n\n\n\n<p>Avec ce texte, nous interpelons notamment les repr\u00e9sentants ard\u00e9chois des partis politiques nationaux. Nous serons tr\u00e8s attentifs \u00e0 toute r\u00e9action, positionnement et\/ou proposition de leur part concernant non seulement la pr\u00e9servation du patrimoine paysager ard\u00e9chois, mais aussi, et plus g\u00e9n\u00e9ralement, la pertinence et les impacts des \u00e9nergies renouvelables intermittentes.<\/p>\n\n\n\n<p>Notre cartographie des sites et projets \u00e9oliens, en Ard\u00e8che et en p\u00e9riph\u00e9rie imm\u00e9diate de notre d\u00e9partement, compl\u00e8te et illustre notre lettre aux autorit\u00e9s ard\u00e9choises&nbsp;:<\/p>\n\n\n\n<p><a href=\"http:\/\/www.perspectivesecologiques.com\/telechargements\/EOLE07%20Sites%20&amp;%20Projets%20Eoliens%20Cartographie%20v06Juin2025.pdf\">Cartographie des sites et projets \u00e9oliens<\/a><br><\/p>\n\n\n\n<p><strong>Qui sommes-nous?<\/strong><\/p>\n\n\n\n<p>Voici une <a href=\"http:\/\/www.perspectivesecologiques.com\/telechargements\/EOLE07%20Presentation%20Courte%20Mai%202025.pdf\">presentation rapide de notre association<\/a>.<\/p>\n\n\n\n<p>N.B.: ce site internet continue d&rsquo;\u00eatre aliment\u00e9, mais est en cours de r\u00e9fection; dans l\u2019int\u00e9rim, certaines de nos publications sont disponibles en t\u00e9l\u00e9chargement sur le site: www.perspectivesecologiques.com (mot-cl\u00e9 EOLE)<\/p>\n\n\n\n<p><\/p>\n\n\n\n<p><\/p>\n\n\n\n\n\n<p><\/p>\n","protected":false},"excerpt":{"rendered":"<p>EOLE 07 contre la PPE \u2013 Programmation Pluriannuelle de l\u2019Energie La PPE c&rsquo;est quoi? Contre la PPE, la p\u00e9tition nationale h\u00e9berg\u00e9e sur le site des #Gueux d\u2019Alexandre Jardin:https:\/\/lesgueux.fr\/petition-stop-ppe\/ Mise \u00e0 jour 2 septembre 2025: \u00c9nergie-climat: les objectifs inscrits dans le code de l&rsquo;\u00e9nergie Odile Rocher, commissaire d\u2019enqu\u00eates publiques sp\u00e9cialis\u00e9e dans l\u2019\u00e9valuation des projets d\u2019installations class\u00e9es &hellip; <a href=\"https:\/\/www.eole07.fr\/\" class=\"more-link\">Continuer la lecture<span class=\"screen-reader-text\"> de &laquo;&nbsp;&nbsp;&raquo;<\/span><\/a><\/p>\n","protected":false},"author":1,"featured_media":0,"parent":0,"menu_order":0,"comment_status":"closed","ping_status":"closed","template":"","meta":{"footnotes":""},"class_list":["post-90","page","type-page","status-publish","hentry"],"_links":{"self":[{"href":"https:\/\/www.eole07.fr\/index.php?rest_route=\/wp\/v2\/pages\/90","targetHints":{"allow":["GET"]}}],"collection":[{"href":"https:\/\/www.eole07.fr\/index.php?rest_route=\/wp\/v2\/pages"}],"about":[{"href":"https:\/\/www.eole07.fr\/index.php?rest_route=\/wp\/v2\/types\/page"}],"author":[{"embeddable":true,"href":"https:\/\/www.eole07.fr\/index.php?rest_route=\/wp\/v2\/users\/1"}],"replies":[{"embeddable":true,"href":"https:\/\/www.eole07.fr\/index.php?rest_route=%2Fwp%2Fv2%2Fcomments&post=90"}],"version-history":[{"count":55,"href":"https:\/\/www.eole07.fr\/index.php?rest_route=\/wp\/v2\/pages\/90\/revisions"}],"predecessor-version":[{"id":247,"href":"https:\/\/www.eole07.fr\/index.php?rest_route=\/wp\/v2\/pages\/90\/revisions\/247"}],"wp:attachment":[{"href":"https:\/\/www.eole07.fr\/index.php?rest_route=%2Fwp%2Fv2%2Fmedia&parent=90"}],"curies":[{"name":"wp","href":"https:\/\/api.w.org\/{rel}","templated":true}]}}