{"id":2,"date":"2016-05-10T03:48:21","date_gmt":"2016-05-10T03:48:21","guid":{"rendered":"http:\/\/www.eole07.fr\/?page_id=2"},"modified":"2019-05-09T15:14:39","modified_gmt":"2019-05-09T15:14:39","slug":"sample-page","status":"publish","type":"page","link":"https:\/\/www.eole07.fr\/?page_id=2","title":{"rendered":"Dites Non aux \u00e9oliennes industrielles sur les Cr\u00eates  Embl\u00e9matiques  des Monts d&rsquo;Ard\u00e8che !"},"content":{"rendered":"<p style=\"text-align: center;\">\n<p style=\"text-align: justify;\">Il en va de l&rsquo;identit\u00e9 environnementale et paysag\u00e8re de l&rsquo;Ard\u00e8che \u00e0 pr\u00e9sent menac\u00e9e par une nouvelle vague d&rsquo;implantations d&rsquo;\u00e9oliennes industrielles :<\/p>\n<p style=\"text-align: justify;\">&#8211; sur la <strong>cr\u00eate de Prataub\u00e9rat, <\/strong>le long de la<strong> Corniche du Vivarais C\u00e9venol,<\/strong>&nbsp;face au <strong>col de Meyrand<\/strong> (\u00e0 <strong>Sabli\u00e8res <\/strong>et<strong> Loubaresse<\/strong>), dans le cadre d&rsquo;un projet d&rsquo;implantation de 23 \u00e9oliennes. Un m\u00e2t de mesure est en&nbsp; place depuis d\u00e9but juillet 2018.<\/p>\n<p><img loading=\"lazy\" decoding=\"async\" class=\" wp-image-13 aligncenter\" src=\"https:\/\/www.eole07.fr\/wp-content\/uploads\/2018\/08\/eole1-300x191.jpg\" alt=\"\" width=\"454\" height=\"289\" srcset=\"https:\/\/www.eole07.fr\/wp-content\/uploads\/2018\/08\/eole1-300x191.jpg 300w, https:\/\/www.eole07.fr\/wp-content\/uploads\/2018\/08\/eole1-768x489.jpg 768w, https:\/\/www.eole07.fr\/wp-content\/uploads\/2018\/08\/eole1.jpg 908w\" sizes=\"auto, (max-width: 454px) 85vw, 454px\" \/><\/p>\n<p style=\"text-align: justify;\">&#8211; sur les <strong>cr\u00eates d&rsquo;Astet<\/strong>, de <strong>La Souche<\/strong>, de <strong>Sainte-Marguerite-Lafig\u00e8re<\/strong>, de <strong>Malarce sur la Thine<\/strong>, de <strong>Laval&nbsp;d\u2019Aurelle<\/strong>, de <strong>St Laurent les Bains, <\/strong>de<strong> Montselgues <\/strong>et de <strong>Borne<\/strong>, toutes communes o\u00f9 existent des projets en cours d\u2019\u00e9tudes.<\/p>\n<p style=\"text-align: justify;\">Il faut refuser que des dizaines de machines industrielles de 150 m\u00e8tres de haut soient \u00e9difi\u00e9es et que des dizaines de milliers de tonnes de ferraille et de b\u00e9ton soient d\u00e9vers\u00e9es sur ces sites naturels uniques. Il faut refuser la banalisation de ces paysages remarquables qui sont l&rsquo;\u00e2me et le c\u0153ur du <em><u>Parc Naturel R\u00e9gional des Monts d&rsquo;Ard\u00e8che<\/u><\/em>. Il faut refuser les atteintes graves \u00e0 l&rsquo;avifaune, tels les aigles royaux, les vautours fauves, les vautours moines, les gypa\u00e8tes, tous rapaces prot\u00e9g\u00e9s et pr\u00e9sents en ces lieux.<\/p>\n<figure id=\"attachment_12\" aria-describedby=\"caption-attachment-12\" style=\"width: 341px\" class=\"wp-caption aligncenter\"><img loading=\"lazy\" decoding=\"async\" class=\"wp-image-12\" src=\"https:\/\/www.eole07.fr\/wp-content\/uploads\/2018\/08\/eole2-300x200.jpg\" alt=\"\" width=\"341\" height=\"227\" srcset=\"https:\/\/www.eole07.fr\/wp-content\/uploads\/2018\/08\/eole2-300x200.jpg 300w, https:\/\/www.eole07.fr\/wp-content\/uploads\/2018\/08\/eole2.jpg 640w\" sizes=\"auto, (max-width: 341px) 85vw, 341px\" \/><figcaption id=\"caption-attachment-12\" class=\"wp-caption-text\">Aigle royal &nbsp;&nbsp;&nbsp;&nbsp;&nbsp;&nbsp;&nbsp;&nbsp;&nbsp;&nbsp;&nbsp;&nbsp;&nbsp;&nbsp;&nbsp;&nbsp;&nbsp;&nbsp; &nbsp;&nbsp;&nbsp;&nbsp;&nbsp;&nbsp;&nbsp;&nbsp;&nbsp;&nbsp;&nbsp;&nbsp;&nbsp;&nbsp;&nbsp;&nbsp;&nbsp;&nbsp;&nbsp;&nbsp;&nbsp;&nbsp;&nbsp;&nbsp;&nbsp;&nbsp;&nbsp;&nbsp;&nbsp;&nbsp;&nbsp;&nbsp;&nbsp; Photo Juan Lacruz<\/figcaption><\/figure>\n<p style=\"text-align: center;\"><em><span style=\"font-size: 10pt;\">&nbsp;<\/span><\/em><\/p>\n<p style=\"text-align: justify;\">En refusant ces massacres, vous ferez savoir que :<\/p>\n<ul style=\"text-align: justify;\">\n<li>&nbsp;vous luttez effectivement pour la protection de la biodiversit\u00e9,<\/li>\n<li>vous vous opposez r\u00e9solument au b\u00e9tonnage de nos campagnes,<\/li>\n<li>vous vous \u00e9levez contre la menace de mort qui plane sur les paysages ard\u00e9chois,<\/li>\n<li>\n<p align=\"justify\"><span style=\"color: #212121;\"><span style=\"font-family: Arial, serif;\">vous exigez le respect de la <\/span><\/span><span style=\"color: #212121;\"><span style=\"font-family: Arial, serif;\"><i><b>Charte du Parc Naturel R\u00e9gional des Monts d\u2019Ard\u00e8che,<\/b><\/i><\/span><\/span><i><b><\/b><\/i><\/p>\n<\/li>\n<li>\n<p align=\"justify\"><i><b><\/b><\/i>vous exigez le respect des lois qui prot\u00e8gent le&nbsp;patrimoine montagnard (celles de 1972 et 1985 renforc\u00e9es par celle&nbsp;de 2016) et qui sont constamment contourn\u00e9es pour l&rsquo;implantation d&rsquo;\u00e9oliennes industrielles.<\/p>\n<\/li>\n<\/ul>\n<p style=\"text-align: justify;\">En refusant ces massacres, vous ferez conna\u00eetre votre attachement \u00e0 la <em><u>Constitution<\/u><\/em> elle-m\u00eame et plus sp\u00e9cialement \u00e0 la <em><u>Charte de l\u2019Environnement<\/u><\/em> qui proclame :<\/p>\n<p style=\"text-align: justify; padding-left: 60px;\"><em><u>Art. 1<\/u><\/em> : \u00ab Chacun a le droit de vivre dans un environnement \u00e9quilibr\u00e9 et respectueux de la sant\u00e9 \u00bb.<\/p>\n<p style=\"text-align: justify; padding-left: 60px;\"><em><u>Art. 2<\/u><\/em> : \u00ab Toute personne a le devoir de prendre part \u00e0 la pr\u00e9servation et \u00e0 l\u2019am\u00e9lioration de l\u2019environnement \u00bb.<\/p>\n<p style=\"text-align: justify;\">Particuliers, signez cette p\u00e9tition et rejoignez les&nbsp;associations&nbsp; signataires qui ont \u00e9t\u00e9, sont et seront en lutte contre ces projets n\u00e9fastes&nbsp;!<\/p>\n<p style=\"text-align: justify;\">\u00c9lu(e)s, responsables d&rsquo;Associations, membres de l&rsquo;administration, toutes les raisons l\u00e9gales existent pour vous opposer \u00e0 ces projets et signer cet appel&nbsp;!<\/p>\n<p class=\"western\" align=\"justify\"><span style=\"font-family: Arial, serif;\"><i><b>APPPE <\/b><\/i><\/span><span style=\"font-family: Arial, serif;\"><i>Association de Protection et Pr\u00e9servation du site de Peyre et de ses Environs<\/i><\/span><i><b> <\/b><\/i><\/p>\n<p style=\"text-align: justify;\"><em><strong>ADTC&nbsp;&nbsp;<\/strong>&nbsp; Avis De Temp\u00eate C\u00e9venole&nbsp; <\/em><a href=\"mailto:contact@adtc07.org\"><em>&nbsp;contact@adtc07.org<\/em><\/a><\/p>\n<p><em><strong>Vent de Respect&nbsp;<\/strong> &nbsp; &nbsp; &nbsp; Montselgues<\/em><\/p>\n<p><em><strong>Don Quichotte&nbsp;<\/strong> &nbsp; &nbsp; &nbsp; &nbsp; Dompnac<\/em><\/p>\n<p><strong><em> Collectif Anti-\u00e9olien Beaume-Drobie<\/em><\/strong><\/p>\n<p><em>&nbsp;<\/em><em><strong>Eole07&nbsp;<\/strong>&nbsp; F\u00e9d\u00e9ration d\u2019associations d\u2019Ard\u00e8che pour la protection de l\u2019environnement <\/em><a href=\"mailto:contact@eole07.fr\"><em>contact@eole07.fr<\/em><\/a><\/p>\n<p style=\"text-align: justify;\"><strong> \n\t<!-- SpeakOut! Email Petitions 4.6.5.1 :  -->\n\t\t<div id=\"dk-speakout-windowshade\"><\/div>\n\t<div class=\"dk-speakout-petition-wrap dk-speakout-petition-id-1\" id=\"dk-speakout-petition-1\" >\n\t\t<h3>Petition<\/h3>\n\n\t\t\t\t\t<a id=\"dk-speakout-readme-1\" class=\"dk-speakout-readme\" rel=\"1\" style=\"display: none;\"><span>Read the petition<\/span><\/a>\n\t\t\n\t\t<div id=\"dk-speakout-form-wrap\">\n\t\t\t<form class=\"dk-speakout-petition\">\n\t\t\t\t<input type=\"hidden\" id=\"security\" name=\"security\" value=\"67bbd65860\" \/><input type=\"hidden\" name=\"_wp_http_referer\" value=\"\/index.php?rest_route=%2Fwp%2Fv2%2Fpages%2F2\" \/>\t\t\t\t<input type=\"hidden\" id=\"dk-speakout-posttitle-1\" value=\"Petition\" \/>\n\t\t\t\t<input type=\"hidden\" id=\"dk-speakout-tweet-1\" value=\"0\" \/>\n\t\t\t\t<input type=\"hidden\" id=\"dk-speakout-lang-1\" value=\"\" \/>\n\t\t\t\t<input type=\"hidden\" id=\"dk-speakout-textval-1\" value=\"val\" \/>\n\t\t\t\t<input type=\"hidden\" id=\"dk-speakout-petition-fade-1\" value=\"disabled\" \/>\n\t\t\t\t<input type=\"hidden\" id=\"dk-speakout-requires_confirmation-1\" value=\"0\" \/>\n\t\t\t\t<input type=\"hidden\" id=\"dk-speakout-hide-email-field-1\" value=\"0\" \/>\n\n\t\t\t\t\n\t\t\t\t\t\t\t\t\n\t\t\t\t\n\t\t\t\t<div class=\"dk-speakout-full\">\n\t\t\t\t\t<input autocomplete=\"given-name\" name=\"dk-speakout-first-name\" id=\"dk-speakout-first-name-1\" type=\"text\" placeholder=\"Pr\u00e9nom\" required=\"required\"  \/>\n\t\t\t\t<\/div>\n\t\t\t\t\n\t\t\t\t<div class=\"dk-speakout-full\">\n\t\t\t\t\t<input autocomplete=\"family-name\" name=\"dk-speakout-last-name\" id=\"dk-speakout-last-name-1\" type=\"text\" placeholder=\"Nom\" required=\"required\"  \/>\n\t\t\t\t<\/div>\n\n\t\t\t\t\n\t\t\t\t\t\t\t\t\t<div class=\"dk-speakout-full\">\n\t\t\t\t\t\t<input autocomplete=\"email\" name=\"dk-speakout-email\" id=\"dk-speakout-email-1\" type=\"email\"  placeholder=\"Email\" required=\"required\"  \/>\n\t\t\t\t\t<\/div>\n\t\t\t\t\n\t\t\t\t\t\t\t\t<div>\n\n\t\t\t\t\n\t\t\t\t\n\t\t\t\t\n\t\t\t\t\n\t\t\t\t\n\t\t\t\t\n\t\t\t\t<\/div>\n\n\t\t\t\t\t\t\t\t\t<div class=\"dk-speakout-full dk-speakout-message-editable\" id=\"dk-speakout-message-editable-1\">\n\t\t\t\t\t\t<p class=\"dk-speakout-greeting\"><\/p>\n\t\t\t\t\t\t<textarea name=\"dk-speakout-message\" class=\"dk-speakout-message-1\" style=\"height: 200px;\" rows=\"8\">message<\/textarea>\n\t\t\t\t\t\t<div id='dk_speakout_markdown'>You can add formatting using markdown syntax - <a href='https:\/\/www.markdownguide.org\/basic-syntax\/' target='_blank'>read more<\/a><\/div>\n\t\t\t\t\t\t\t\t\t\t\t<\/div>\n\t\t\t\t\n\t\t\t\t\n\t\t\t\t\n\t\t\t\t\n\t\t\t\t\t\t\t\t\t<div class=\"dk-speakout-privacypolicy-wrap\">\n\t\t\t\t\t\t<div class=\"dk-speakout-options-checkbox\">\n\t\t\t\t\t\t\t<input type=\"checkbox\" name=\"dk-speakout-privacypolicy\" id=\"dk-speakout-privacypolicy-1\" class=\"required\" required=\"required\" \/>\n\t\t\t\t\t\t\t<label for=\"dk-speakout-privacypolicy-1\" class=\"required dk-speakout-options\">Oui, j\u2019accepte <a href=\"https:\/\/www.eole07.fr\/politique-de-confidentialite\/\" target=\"_blank\">politique de confidentialit\u00e9<\/a><\/label>\n\t\t\t\t\t\t<\/div>\n\t\t\t\t\t<\/div>\n\t\t\t\t\n\t\t\t\t\n\t\t\t\t\n\t\t\t\t<div class=\"dk-speakout-submit-wrap\">\n\t\t\t\t\t<div id=\"dk-speakout-ajaxloader-1\" class=\"dk-speakout-ajaxloader\" style=\"visibility: hidden;\">&nbsp;<\/div>\n\t\t\t\t\t<button name=\"1\" class=\"dk-speakout-submit\">Signer<\/button>\n\t\t\t\t<\/div>\n\t\t\t<\/form>\n\t\t<\/div>\n\t\t<div class=\"dk-speakout-response\"><\/div>\n\n\t\t\t\t\t<div class=\"dk-speakout-progress-wrap\">\n\t\t\t\t<div class=\"dk-speakout-signature-count\">\n\t\t\t\t\t<span>1,170<\/span> signatures \t\t\t\t<\/div>\n\t\t\t\t\t\t\t<\/div>\n\t\t\n\t\t\t\t\t<div class=\"dk-speakout-share\">\n\t\t\t\t<div>\n\t\t\t\t\t<p><\/p>\n\t\t\t\t\t<p>\n\t\t\t\t\t\t<a class=\"dk-speakout-facebook\" href=\"#\" title=\"Facebook\" rel=\"1\"><\/a>\n\t\t\t\t\t\t<a class=\"dk-speakout-email\"  target=\"_blank\" href=\"mailto:?subject=Petition&amp;body=https%3A%2F%2Fwww.eole07.fr%2F%3Fpage_id%3D2\" title=\"Share by Email\"><\/a>\n\t\t\t\t\t\t<a class=\"dk-speakout-x\" href=\"#\" title=\"X\" rel=\"1\"><\/a>\n\t\t\t\t\t<\/p>\n\t\t\t\t<\/div>\n\t\t\t\t<div class=\"dk-speakout-clear\"><\/div>\n\t\t\t<\/div>\n\t\t\t<\/div>\n\n <\/strong><\/p>\n<h3>Ils ont d\u00e9j\u00e0 sign\u00e9 :<\/h3>\n\r\n                    <!-- signaturelist table -->\r\n                    <div class=\"dk-speakout-signaturelistWrapper\">\r\n                      <div class=\"dk-speakout-signaturelist-header\">Derni\u00e8res Signatures<\/div>\r\n                        <table class=\"dk-speakout-signaturelist dk-speakout-signaturelist-1\"><tr class=\"dk-speakout-odd\">\n\t<td class=\"dk-speakout-signaturelist-count\">1,170<\/td>\n\t<td class=\"dk-speakout-signaturelist-name\" >Yves D.<\/td>\n\t<td class=\"dk-speakout-signaturelist-date\">Ao\u00fbt 31, 2024<\/td>\n<\/tr>\n<tr class=\"dk-speakout-even\">\n\t<td class=\"dk-speakout-signaturelist-count\">1,169<\/td>\n\t<td class=\"dk-speakout-signaturelist-name\" >Betty C.<\/td>\n\t<td class=\"dk-speakout-signaturelist-date\">Mar 12, 2024<\/td>\n<\/tr>\n<tr class=\"dk-speakout-odd\">\n\t<td class=\"dk-speakout-signaturelist-count\">1,168<\/td>\n\t<td class=\"dk-speakout-signaturelist-name\" >Didier B.<\/td>\n\t<td class=\"dk-speakout-signaturelist-date\">F\u00e9v 23, 2024<\/td>\n<\/tr>\n<tr class=\"dk-speakout-even\">\n\t<td class=\"dk-speakout-signaturelist-count\">1,167<\/td>\n\t<td class=\"dk-speakout-signaturelist-name\" >Association S.<\/td>\n\t<td class=\"dk-speakout-signaturelist-date\">F\u00e9v 21, 2024<\/td>\n<\/tr>\n<tr class=\"dk-speakout-odd\">\n\t<td class=\"dk-speakout-signaturelist-count\">1,166<\/td>\n\t<td class=\"dk-speakout-signaturelist-name\" >Eric M.<\/td>\n\t<td class=\"dk-speakout-signaturelist-date\">F\u00e9v 21, 2024<\/td>\n<\/tr>\n<tr class=\"dk-speakout-even\">\n\t<td class=\"dk-speakout-signaturelist-count\">1,165<\/td>\n\t<td class=\"dk-speakout-signaturelist-name\" >Patrice D.<\/td>\n\t<td class=\"dk-speakout-signaturelist-date\">F\u00e9v 21, 2024<\/td>\n<\/tr>\n<tr class=\"dk-speakout-odd\">\n\t<td class=\"dk-speakout-signaturelist-count\">1,164<\/td>\n\t<td class=\"dk-speakout-signaturelist-name\" >Myriam D.<\/td>\n\t<td class=\"dk-speakout-signaturelist-date\">F\u00e9v 21, 2024<\/td>\n<\/tr>\n<tr class=\"dk-speakout-even\">\n\t<td class=\"dk-speakout-signaturelist-count\">1,163<\/td>\n\t<td class=\"dk-speakout-signaturelist-name\" >anne d.<\/td>\n\t<td class=\"dk-speakout-signaturelist-date\">F\u00e9v 20, 2024<\/td>\n<\/tr>\n<tr class=\"dk-speakout-odd\">\n\t<td class=\"dk-speakout-signaturelist-count\">1,162<\/td>\n\t<td class=\"dk-speakout-signaturelist-name\" >Yves A.<\/td>\n\t<td class=\"dk-speakout-signaturelist-date\">F\u00e9v 20, 2024<\/td>\n<\/tr>\n<tr class=\"dk-speakout-even\">\n\t<td class=\"dk-speakout-signaturelist-count\">1,161<\/td>\n\t<td class=\"dk-speakout-signaturelist-name\" >R\u00e9my D.<\/td>\n\t<td class=\"dk-speakout-signaturelist-date\">F\u00e9v 20, 2024<\/td>\n<\/tr>\n\r\n    \t\t\t\t\t<tr class=\"dk-speakout-signaturelist-pagelinks\">\r\n    \t\t\t\t\t\t<td colspan=\"3\">\r\n    \t\t\t\t\t\t    <a class=\"dk-speakout-signaturelist-first dk-speakout-signaturelist-disabled\" rel=\"1,1170,10,1170,0,3\">&lt;&lt;<\/a>\r\n    \t\t\t\t\t\t\t<a class=\"dk-speakout-signaturelist-prev dk-speakout-signaturelist-disabled\" rel=\"1,1170,10,1170,0,3\">&lt;<\/a>\r\n    \t\t\t\t\t\t\t<a class=\"dk-speakout-signaturelist-next\" rel=\"1,10,10,1170,1,3,\">&gt;<\/a>\r\n    \t\t\t\t\t\t\t<a class=\"dk-speakout-signaturelist-last\" rel=\"1,1160,10,1170,1,3,\">&gt;&gt;<\/a>\r\n    \t\t\t\t\t\t<\/td>\r\n    \t\t\t\t\t<\/tr>\r\n    \t\t\t\t\t<\/table>\r\n                    <\/div>\n<h3><\/h3>\n","protected":false},"excerpt":{"rendered":"<p>Il en va de l&rsquo;identit\u00e9 environnementale et paysag\u00e8re de l&rsquo;Ard\u00e8che \u00e0 pr\u00e9sent menac\u00e9e par une nouvelle vague d&rsquo;implantations d&rsquo;\u00e9oliennes industrielles : &#8211; sur la cr\u00eate de Prataub\u00e9rat, le long de la Corniche du Vivarais C\u00e9venol,&nbsp;face au col de Meyrand (\u00e0 Sabli\u00e8res et Loubaresse), dans le cadre d&rsquo;un projet d&rsquo;implantation de 23 \u00e9oliennes. Un m\u00e2t de &hellip; <a href=\"https:\/\/www.eole07.fr\/?page_id=2\" class=\"more-link\">Continuer la lecture<span class=\"screen-reader-text\"> de &laquo;&nbsp;Dites Non aux \u00e9oliennes industrielles sur les Cr\u00eates  Embl\u00e9matiques  des Monts d&rsquo;Ard\u00e8che !&nbsp;&raquo;<\/span><\/a><\/p>\n","protected":false},"author":1,"featured_media":0,"parent":90,"menu_order":1,"comment_status":"closed","ping_status":"closed","template":"","meta":{"footnotes":""},"class_list":["post-2","page","type-page","status-publish","hentry"],"_links":{"self":[{"href":"https:\/\/www.eole07.fr\/index.php?rest_route=\/wp\/v2\/pages\/2","targetHints":{"allow":["GET"]}}],"collection":[{"href":"https:\/\/www.eole07.fr\/index.php?rest_route=\/wp\/v2\/pages"}],"about":[{"href":"https:\/\/www.eole07.fr\/index.php?rest_route=\/wp\/v2\/types\/page"}],"author":[{"embeddable":true,"href":"https:\/\/www.eole07.fr\/index.php?rest_route=\/wp\/v2\/users\/1"}],"replies":[{"embeddable":true,"href":"https:\/\/www.eole07.fr\/index.php?rest_route=%2Fwp%2Fv2%2Fcomments&post=2"}],"version-history":[{"count":28,"href":"https:\/\/www.eole07.fr\/index.php?rest_route=\/wp\/v2\/pages\/2\/revisions"}],"predecessor-version":[{"id":94,"href":"https:\/\/www.eole07.fr\/index.php?rest_route=\/wp\/v2\/pages\/2\/revisions\/94"}],"up":[{"embeddable":true,"href":"https:\/\/www.eole07.fr\/index.php?rest_route=\/wp\/v2\/pages\/90"}],"wp:attachment":[{"href":"https:\/\/www.eole07.fr\/index.php?rest_route=%2Fwp%2Fv2%2Fmedia&parent=2"}],"curies":[{"name":"wp","href":"https:\/\/api.w.org\/{rel}","templated":true}]}}